{"id":338,"date":"2025-04-01T04:30:00","date_gmt":"2025-03-31T19:30:00","guid":{"rendered":"https:\/\/aru-go.com\/?page_id=338"},"modified":"2025-11-12T09:05:46","modified_gmt":"2025-11-12T00:05:46","slug":"company","status":"publish","type":"page","link":"https:\/\/aru-go.com\/vi\/company\/","title":{"rendered":"C\u00d4NG TY"},"content":{"rendered":"\n<div id=\"company_vison\" class=\"wp-block-group gray_bg\"><div class=\"wp-block-group__inner-container is-layout-constrained wp-block-group-is-layout-constrained\">\n<div class=\"wp-block-columns design_header inview is-layout-flex wp-container-core-columns-is-layout-9d6595d7 wp-block-columns-is-layout-flex\">\n<div class=\"wp-block-column title_area is-layout-flow wp-block-column-is-layout-flow\">\n<h3 class=\"wp-block-heading large_headline title3\"><span class=\"t\"><span class=\"t\">Tri\u1ebft l\u00fd doanh nghi\u1ec7p<\/span><\/span><\/h3>\n<\/div>\n<\/div>\n\n\n\n<h3 class=\"wp-block-heading catch rich_font inview slide_up_animation\">\u0110\u00f3ng g\u00f3p cho khu v\u1ef1c v\u1edbi ngu\u1ed3n l\u1ef1c 5 \u201cR\u201d, \u0110\u1ed5i m\u1edbi, T\u00e1i t\u1ea1o, Tuy\u1ec3n d\u1ee5ng, M\u1ed1i quan h\u1ec7<\/h3>\n\n\n\n<div class=\"wp-block-columns is-layout-flex wp-container-core-columns-is-layout-9d6595d7 wp-block-columns-is-layout-flex\">\n<div class=\"wp-block-column is-layout-flow wp-block-column-is-layout-flow\">\n<p>Ch\u00fang t\u00f4i s\u1ebd gi\u1ea3i quy\u1ebft nh\u1eefng m\u1ed1i quan t\u00e2m v\u00e0 v\u1ea5n \u0111\u1ec1 c\u1ee7a b\u1ea1n th\u00f4ng qua n\u0103m ch\u1eef R v\u1ec1 ngu\u1ed3n l\u1ef1c, \u0111\u1ed5i m\u1edbi, tuy\u1ec3n d\u1ee5ng, tuy\u1ec3n d\u1ee5ng v\u00e0 c\u00e1c m\u1ed1i quan h\u1ec7.<\/p>\n\n\n\n<p>Ch\u00fang t\u00f4i l\u00e0 m\u1ed9t c\u00f4ng ty ho\u1ea1t \u0111\u1ed9ng \u1edf khu v\u1ef1c Tohoku, n\u01a1i d\u00e2n s\u1ed1 \u0111ang gi\u1ea3m \u0111\u00e1ng k\u1ec3 v\u00e0 ph\u1ee5c h\u1ed3i khu v\u1ef1c b\u1eb1ng c\u00e1ch gi\u1ea3i quy\u1ebft c\u00e1c v\u1ea5n \u0111\u1ec1 tuy\u1ec3n d\u1ee5ng, t\u00e1i s\u1eed d\u1ee5ng v\u00e0 c\u1ea3i t\u1ea1o c\u00e1c t\u00f2a nh\u00e0 c\u0169ng nh\u01b0 thu h\u00fat kh\u00e1ch h\u00e0ng th\u00f4ng qua qu\u1ea3ng c\u00e1o.<\/p>\n\n\n\n<p>Ng\u00e0y nay, th\u1eadt d\u1ec5 d\u00e0ng \u0111\u1ec3 c\u00f3 \u0111\u01b0\u1ee3c nhi\u1ec1u th\u00f4ng tin \u0111a d\u1ea1ng tr\u00ean web, nh\u01b0ng ch\u1ec9 qu\u1ea3ng c\u00e1o tr\u00ean c\u00e1c ph\u01b0\u01a1ng ti\u1ec7n truy\u1ec1n th\u00f4ng th\u00f4i th\u00ec ch\u01b0a \u0111\u1ee7 \u0111\u1ec3 tuy\u1ec3n d\u1ee5ng hay thu h\u00fat kh\u00e1ch h\u00e0ng th\u00e0nh c\u00f4ng. Ch\u00fang t\u00f4i s\u1eed d\u1ee5ng b\u00ed quy\u1ebft \u0111\u00e3 trau d\u1ed3i qua nhi\u1ec1u n\u0103m \u0111\u1ec3 \u0111\u1ea1t \u0111\u01b0\u1ee3c k\u1ebft qu\u1ea3 b\u1eb1ng nhi\u1ec1u ph\u01b0\u01a1ng ph\u00e1p kh\u00e1c nhau. Ngo\u00e0i ra, c\u00e1c doanh nghi\u1ec7p v\u1eeba v\u00e0 nh\u1ecf \u1edf \u0111\u1ecba ph\u01b0\u01a1ng kh\u00f3 c\u00f3 ng\u01b0\u1eddi ph\u1ee5 tr\u00e1ch tuy\u1ec3n d\u1ee5ng, qu\u1ea3n l\u00fd trang web v\u00e0 qu\u1ea3ng c\u00e1o, v\u00ec v\u1eady vai tr\u00f2 c\u1ee7a ch\u00fang t\u00f4i l\u00e0 thay m\u1eb7t h\u1ecd \u0111\u1ea3m nhi\u1ec7m nh\u1eefng c\u00f4ng vi\u1ec7c n\u00e0y.<\/p>\n<\/div>\n\n\n\n<div class=\"wp-block-column shutter_image inview col1 is-layout-flow wp-block-column-is-layout-flow\">\n<figure class=\"wp-block-image size-full item\"><img loading=\"lazy\" decoding=\"async\" width=\"520\" height=\"320\" src=\"https:\/\/aru-go.com\/cms\/wp-content\/uploads\/2024\/03\/img_about_01.jpg\" alt=\"\" class=\"wp-image-216\" srcset=\"https:\/\/aru-go.com\/cms\/wp-content\/uploads\/2024\/03\/img_about_01.jpg 520w, https:\/\/aru-go.com\/cms\/wp-content\/uploads\/2024\/03\/img_about_01-300x185.jpg 300w\" sizes=\"auto, (max-width: 520px) 100vw, 520px\" \/><\/figure>\n<\/div>\n<\/div>\n<\/div><\/div>\n\n\n\n<div id=\"profile\" class=\"wp-block-group design_header inview\"><div class=\"wp-block-group__inner-container is-layout-constrained wp-block-group-is-layout-constrained\">\n<div class=\"wp-block-columns is-layout-flex wp-container-core-columns-is-layout-9d6595d7 wp-block-columns-is-layout-flex\">\n<div class=\"wp-block-column title_area is-layout-flow wp-block-column-is-layout-flow\">\n<h3 class=\"wp-block-heading large_headline title3\"><span class=\"t\"><span class=\"t\">Th\u00f4ng tin c\u00f4ng ty<\/span><\/span><span class=\"t\"><\/span><\/h3>\n<\/div>\n<\/div>\n\n\n\n<div class=\"shutter_image inview col3 vertical\">\n<div class=\"item\"><img decoding=\"async\" loading=\"lazy\" src=\"https:\/\/aru-go.com\/cms\/wp-content\/uploads\/2024\/03\/img_about_02.jpg\" alt=\"\u30a4\u30e1\u30fc\u30b8\"><\/div>\n<div class=\"item\"><img decoding=\"async\" loading=\"lazy\" src=\"https:\/\/aru-go.com\/cms\/wp-content\/uploads\/2024\/03\/img_about_03.jpg\" alt=\"\u30a4\u30e1\u30fc\u30b8\"><\/div>\n<div class=\"item\"><img decoding=\"async\" loading=\"lazy\" src=\"https:\/\/aru-go.com\/cms\/wp-content\/uploads\/2024\/03\/img_about_04.jpg\" alt=\"\u30a4\u30e1\u30fc\u30b8\"><\/div>\n<\/div>\n\n\n\n<div class=\"wp-block-columns post_row is-layout-flex wp-container-core-columns-is-layout-9d6595d7 wp-block-columns-is-layout-flex\" id=\"company_data_list\">\n<div class=\"wp-block-column post_col post_col-2 left_box inview slide_up_animation is-layout-flow wp-block-column-is-layout-flow\">\n<h4 class=\"wp-block-heading\"><span class=\"t\">Th\u00f4ng tin c\u00f4ng ty<\/span><\/h4>\n\n\n\n<figure class=\"wp-block-table\"><table><tbody><tr><th>T\u00ean c\u00f4ng ty<\/th><td>C\u00f4ng ty TNHH Argo<\/td><\/tr><tr><th>Ti\u00eau bi\u1ec3u<\/th><td>Hiroyuki Yonezawa<\/td><\/tr><tr><th>V\u1ecb tr\u00ed<\/th><td><p><strong>V\u0103n ph\u00f2ng ch\u00ednh<br><\/strong>T\u00f2a nh\u00e0 Pro 202, 1-5-30 Honishicho, Th\u00e0nh ph\u1ed1 Kitakami, T\u1ec9nh Iwate 024-0093<\/p><p><strong>V\u0103n ph\u00f2ng Morioka<\/strong><br>4F (401G) T\u00f2a nh\u00e0 Norin Kaikan, 1-3-6 Saien, Th\u00e0nh ph\u1ed1 Morioka, T\u1ec9nh Iwate 020-0866<\/p><p><strong>V\u0103n ph\u00f2ng Hachinohe<\/strong><br>Th\u00e0nh ph\u1ed1 Shirashita 1F, 1-26-1 Shirashita, Th\u00e0nh ph\u1ed1 Hachinohe, T\u1ec9nh Aomori 031-0072<\/p><\/td><\/tr><tr><th>Tuy\u1ec3n d\u1ee5ng s\u1ed1 gi\u1ea5y ph\u00e9p kinh doanh<\/th><td>S\u1ed1 gi\u1ea5y ph\u00e9p kinh doanh gi\u1edbi thi\u1ec7u vi\u1ec7c l\u00e0m \u0111\u01b0\u1ee3c tr\u1ea3 l\u01b0\u01a1ng c\u1ee7a B\u1ed9 tr\u01b0\u1edfng B\u1ed9 Y t\u1ebf v\u00e0 Ph\u00fac l\u1ee3i<br>03-\u30e6\uff70300094<br>Kinh doanh ph\u00e1i c\u1eed c\u00f4ng nh\u00e2n \u0110\u01b0\u1ee3c B\u1ed9 tr\u01b0\u1edfng B\u1ed9 Y t\u1ebf, Lao \u0111\u1ed9ng v\u00e0 Ph\u00fac l\u1ee3i c\u1ea5p ph\u00e9p<br>\u6d3e03-300153<\/td><\/tr><tr><th>Doanh nghi\u1ec7p ph\u00e1t h\u00e0nh h\u00f3a \u0111\u01a1n \u0111\u1ee7 \u0111i\u1ec1u ki\u1ec7n<\/th><td>T2400001016366<\/td><\/tr><tr><th>\u0110\u1ecba ch\u1ec9 li\u00ean h\u1ec7<\/th><td><strong>V\u0103n ph\u00f2ng ch\u00ednh<\/strong><br>TEL.0197-72-8001<br>FAX.0197-72-8002<br><br><strong>V\u0103n ph\u00f2ng Morioka<\/strong><br>TEL.019-656-7891<br>FAX.019-656-7892<br><br><strong style=\"font-size: 16px; font-family: inherit; color: initial;\">V\u0103n ph\u00f2ng Hachinohe<\/strong><br><span style=\"font-size: 16px; font-family: inherit; font-weight: inherit; color: initial;\">TEL.0178-22-4692<\/span><br>FAX.0178-22-4696<\/td><\/tr><tr><th>Th\u1ee7 \u0111\u00f4<\/th><td>25 tri\u1ec7u y\u00ean<\/td><\/tr><tr><th>Ng\u00e0y th\u00e0nh l\u1eadp<\/th><td>Th\u00e1ng Ch\u00edn 2023<\/td><\/tr><tr><th>N\u1ed9i dung kinh doanh<\/th><td>Kinh doanh tuy\u1ec3n d\u1ee5ng (h\u1ed7 tr\u1ee3 thay \u0111\u1ed5i c\u00f4ng vi\u1ec7c, gi\u1edbi thi\u1ec7u ma-n\u01a1-canh, ngu\u1ed3n nh\u00e2n l\u1ef1c \u1edf n\u01b0\u1edbc ngo\u00e0i *Indonesia)<br>Kinh doanh nh\u00e2n s\u1ef1<br>C\u01a1 quan qu\u1ea3ng c\u00e1o\/s\u1ea3n xu\u1ea5t<br>C\u01a1 quan tuy\u1ec3n d\u1ee5ng\/t\u01b0 v\u1ea5n<br>Thi\u1ebft k\u1ebf n\u1ed9i th\u1ea5t\/qu\u1ea3n l\u00fd b\u1ea5t \u0111\u1ed9ng s\u1ea3n<\/td><\/tr><\/tbody><\/table><\/figure>\n<\/div>\n\n\n\n<div class=\"wp-block-column post_col post_col-2 inview slide_up_animation is-layout-flow wp-block-column-is-layout-flow\">\n<h4 class=\"wp-block-heading\">L\u1ecbch s\u1eed<\/h4>\n\n\n\n<div class=\"wp-block-columns is-layout-flex wp-container-core-columns-is-layout-9d6595d7 wp-block-columns-is-layout-flex\">\n<div class=\"wp-block-column is-layout-flow wp-block-column-is-layout-flow\" style=\"flex-basis:100%\">\n<div class=\"wp-block-columns is-layout-flex wp-container-core-columns-is-layout-9d6595d7 wp-block-columns-is-layout-flex\">\n<div class=\"wp-block-column is-layout-flow wp-block-column-is-layout-flow\" style=\"flex-basis:100%\">\n<figure class=\"wp-block-table\"><table><tbody><tr><td>th\u00e1ng 9 n\u0103m 2023<\/td><td>B\u1eaft \u0111\u1ea7u kinh doanh t\u1ea1i th\u00e0nh ph\u1ed1 Oshu, t\u1ec9nh Iwate<\/td><\/tr><tr><td>th\u00e1ng 2 n\u0103m 2024<\/td><td>M\u1edf v\u0103n ph\u00f2ng kinh doanh t\u1ea1i Saien, th\u00e0nh ph\u1ed1 Morioka, t\u1ec9nh Iwate.<\/td><\/tr><tr><td>th\u00e1ng 4 n\u0103m 2024<\/td><td>B\u1eaft \u0111\u1ea7u kinh doanh gi\u1edbi thi\u1ec7u ma-n\u01a1-canh (kinh doanh k\u1ebf th\u1eeba)<br>B\u1eaft \u0111\u1ea7u kinh doanh gi\u1edbi thi\u1ec7u nh\u00e2n s\u1ef1 (h\u1ed7 tr\u1ee3 chuy\u1ec3n \u0111\u1ed5i c\u00f4ng vi\u1ec7c)<br>Khai tr\u01b0\u01a1ng v\u0103n ph\u00f2ng t\u1ea1i Joka, th\u00e0nh ph\u1ed1 Hachinohe, t\u1ec9nh Aomori<\/td><\/tr><tr><td>th\u00e1ng 9 n\u0103m 2024<\/td><td>Khai tr\u01b0\u01a1ng v\u0103n ph\u00f2ng m\u1edbi t\u1ea1i Honishi-cho, th\u00e0nh ph\u1ed1 Kitakami, t\u1ec9nh Iwate<br>(chuy\u1ec3n tr\u1ee5 s\u1edf ch\u00ednh)<\/td><\/tr><tr><td>th\u00e1ng 3 n\u0103m 2025<\/td><td>B\u1eaft \u0111\u1ea7u kinh doanh tuy\u1ec3n d\u1ee5ng \u1edf n\u01b0\u1edbc ngo\u00e0i<br>(Indonesia)<\/td><\/tr><tr><td>th\u00e1ng 4 n\u0103m 2025<\/td><td>Ra m\u1eaft d\u1ecbch v\u1ee5 tuy\u1ec3n d\u1ee5ng \u1edf n\u01b0\u1edbc ngo\u00e0i (Vi\u1ec7t Nam)<\/td><\/tr><tr><td>th\u00e1ng10 n\u0103m 2025<\/td><td>T\u1ed5 ch\u1ee9c h\u1ed7 tr\u1ee3 \u0111\u0103ng k\u00fd k\u1ef9 n\u0103ng \u0111\u1eb7c \u0111\u1ecbnh<br>S\u1ed1 \u0111\u0103ng k\u00fd 25-012486<\/td><\/tr><\/tbody><\/table><\/figure>\n<\/div>\n<\/div>\n<\/div>\n<\/div>\n<\/div>\n<\/div>\n<\/div><\/div>\n","protected":false},"excerpt":{"rendered":"Tri\u1ebft l\u00fd doanh nghi\u1ec7p \u0110\u00f3ng g\u00f3p cho khu v\u1ef1c v\u1edbi ngu\u1ed3n l\u1ef1c 5 \u201cR\u201d, \u0110\u1ed5i m\u1edbi, T\u00e1i t\u1ea1o, Tuy\u1ec3n d\u1ee5ng, M\u1ed1i quan h\u1ec7 Ch\u00fan [&hellip;]","protected":false},"author":1,"featured_media":0,"parent":0,"menu_order":3,"comment_status":"closed","ping_status":"closed","template":"","meta":{"_acf_changed":false,"_locale":"vi","_original_post":"http:\/\/aru-go.com\/cms\/?page_id=9","footnotes":""},"class_list":["post-338","page","type-page","status-publish","hentry","vi"],"acf":[],"_links":{"self":[{"href":"https:\/\/aru-go.com\/wp-json\/wp\/v2\/pages\/338","targetHints":{"allow":["GET"]}}],"collection":[{"href":"https:\/\/aru-go.com\/wp-json\/wp\/v2\/pages"}],"about":[{"href":"https:\/\/aru-go.com\/wp-json\/wp\/v2\/types\/page"}],"author":[{"embeddable":true,"href":"https:\/\/aru-go.com\/wp-json\/wp\/v2\/users\/1"}],"replies":[{"embeddable":true,"href":"https:\/\/aru-go.com\/wp-json\/wp\/v2\/comments?post=338"}],"version-history":[{"count":4,"href":"https:\/\/aru-go.com\/wp-json\/wp\/v2\/pages\/338\/revisions"}],"predecessor-version":[{"id":518,"href":"https:\/\/aru-go.com\/wp-json\/wp\/v2\/pages\/338\/revisions\/518"}],"wp:attachment":[{"href":"https:\/\/aru-go.com\/wp-json\/wp\/v2\/media?parent=338"}],"curies":[{"name":"wp","href":"https:\/\/api.w.org\/{rel}","templated":true}]}}